{"id":167,"date":"2020-12-14T22:58:37","date_gmt":"2020-12-14T20:58:37","guid":{"rendered":"http:\/\/kmusik.dk\/?page_id=167"},"modified":"2026-04-28T22:14:17","modified_gmt":"2026-04-28T20:14:17","slug":"167-2","status":"publish","type":"page","link":"https:\/\/kmusik.dk\/","title":{"rendered":"Menu"},"content":{"rendered":"\n<div class=\"wp-block-group\"><div class=\"wp-block-group__inner-container\">\n<h2 class=\"has-text-align-center has-huge-font-size\"><strong>Velkommen til K Musik<\/strong><\/h2>\n\n\n\n<p class=\"has-text-align-center has-text-color has-medium-font-size\" style=\"color:#084f44\"><strong>V\u00e6lg venligst hvilken del af K Musik du vil bes\u00f8ge f\u00f8rst og tak fordi du fandt vej ind til min musikalske verden. <\/strong><\/p>\n\n\n\n<div class=\"wp-block-columns\">\n<div class=\"wp-block-column\">\n<div class=\"wp-block-cover has-background-dim\" style=\"background-image:url(http:\/\/kmusik.dk\/wp-content\/uploads\/2020\/08\/k-sang-1024x681.jpg);background-position:91% 44%\"><div class=\"wp-block-cover__inner-container\">\n<p class=\"has-text-align-center has-white-color has-text-color has-huge-font-size\"><a href=\"https:\/\/kmusik.dk\/index.php\/167-2\/ks-musik\/\" data-type=\"page\" data-id=\"170\"><strong>K Musik<\/strong><\/a><\/p>\n\n\n\n<blockquote class=\"wp-block-quote has-text-align-right\"><p><strong><span class=\"has-inline-color has-light-green-cyan-color\">Duo &amp; Solo musikere<\/span><\/strong><\/p><\/blockquote>\n\n\n\n<p class=\"has-text-align-center has-white-color has-text-color has-medium-font-size\"><a href=\"https:\/\/kmusik.dk\/index.php\/167-2\/ks-musik\/\" data-type=\"page\" data-id=\"170\"><strong>Tryk her hvis du skal finde live musik til dit n\u00e6ste arrangement<\/strong><\/a><\/p>\n<\/div><\/div>\n\n\n\n<p class=\"has-black-color has-text-color\" style=\"font-size:18px\"><\/p>\n<\/div>\n<\/div>\n\n\n\n<p><\/p>\n<\/div><\/div>\n\n\n\n<div class=\"wp-block-cover has-background-dim\" style=\"background-image:url(https:\/\/kmusik.dk\/wp-content\/uploads\/2026\/04\/ktf-r.jpg);min-height:580px\"><div class=\"wp-block-cover__inner-container\">\n<p class=\"has-text-align-center has-white-color has-text-color has-huge-font-size\"><a href=\"https:\/\/www.kissthefrog.nu\"><strong>Kiss the Frog<\/strong> <\/a><\/p>\n\n\n\n<blockquote class=\"wp-block-quote has-text-align-right is-style-large\"><p><span class=\"has-inline-color has-vivid-green-cyan-color\"><strong>Partyband<\/strong><\/span><\/p><\/blockquote>\n\n\n\n<p class=\"has-text-align-center has-white-color has-text-color\">                                 <\/p>\n\n\n\n<p> <\/p>\n\n\n\n<p class=\"has-text-align-center has-white-color has-text-color has-medium-font-size\"><a href=\"https:\/\/www.kissthefrog.nu\"><strong>Tryk her hvis du er p\u00e5 udkig efter danmarks fedeste festband! <\/strong><\/a><\/p>\n<\/div><\/div>\n\n\n\n<p><a href=\"https:\/\/www.kissthefrog.nu\">https:\/\/www.kissthefrog.nu<\/a><\/p>\n","protected":false},"excerpt":{"rendered":"<p>https:\/\/www.kissthefrog.nu<\/p>\n","protected":false},"author":1,"featured_media":0,"parent":0,"menu_order":0,"comment_status":"closed","ping_status":"closed","template":"","meta":[],"_links":{"self":[{"href":"https:\/\/kmusik.dk\/index.php\/wp-json\/wp\/v2\/pages\/167"}],"collection":[{"href":"https:\/\/kmusik.dk\/index.php\/wp-json\/wp\/v2\/pages"}],"about":[{"href":"https:\/\/kmusik.dk\/index.php\/wp-json\/wp\/v2\/types\/page"}],"author":[{"embeddable":true,"href":"https:\/\/kmusik.dk\/index.php\/wp-json\/wp\/v2\/users\/1"}],"replies":[{"embeddable":true,"href":"https:\/\/kmusik.dk\/index.php\/wp-json\/wp\/v2\/comments?post=167"}],"version-history":[{"count":25,"href":"https:\/\/kmusik.dk\/index.php\/wp-json\/wp\/v2\/pages\/167\/revisions"}],"predecessor-version":[{"id":252,"href":"https:\/\/kmusik.dk\/index.php\/wp-json\/wp\/v2\/pages\/167\/revisions\/252"}],"wp:attachment":[{"href":"https:\/\/kmusik.dk\/index.php\/wp-json\/wp\/v2\/media?parent=167"}],"curies":[{"name":"wp","href":"https:\/\/api.w.org\/{rel}","templated":true}]}}