{"id":170,"date":"2020-12-14T23:00:31","date_gmt":"2020-12-14T21:00:31","guid":{"rendered":"http:\/\/kmusik.dk\/?page_id=170"},"modified":"2026-04-28T22:08:34","modified_gmt":"2026-04-28T20:08:34","slug":"ks-musik","status":"publish","type":"page","link":"https:\/\/kmusik.dk\/index.php\/167-2\/ks-musik\/","title":{"rendered":"K&#8217;s musik"},"content":{"rendered":"\n<p class=\"has-large-font-size\">Velkommen! <\/p>\n\n\n\n<p class=\"has-medium-font-size\">Her kan du se og h\u00f8re sm\u00e5 bidder af mig, min musik og mine musikalske venner &#8211; vi kan bookes til dit n\u00e6ste arrangement &#8211; tag blot den f\u00f8rste kontakt og lad os give dig et uforpligtende tilbud p\u00e5 live musik <\/p>\n\n\n\n<p class=\"has-large-font-size\">Kontakt: K\u00e5 Jensen &#8211; tlf.: 22844071<\/p>\n\n\n\n<p class=\"has-medium-font-size\">Se her p\u00e5 siden hvilke muligheder vi tilbyder &#8211; vi er alle alsidige, fleksible, yderst kompetente og uddannede musikere p\u00e5 h\u00f8jt niveau, der samtidig b\u00e5de har nerve og n\u00e6rv\u00e6r nok til at du trygt kan booke os til netop din fest? Reception? Koncert? F\u00e6llessang? <\/p>\n\n\n\n<p class=\"has-medium-font-size\">God forn\u00f8jelse \ud83d\ude09<\/p>\n\n\n\n<h2 class=\"has-text-align-center has-black-color has-text-color has-large-font-size\"><strong>Muligheder:<\/strong><\/h2>\n\n\n\n<p>Duo &#8211; f\u00e5 2 musikere ud til dit arrangement til at hygge? spille op til dans? Skal det v\u00e6re den gammeldags v\u00e6rtshusstemning med gode gamle klassikere som; John Mogensen, Kim Larsen, The Eagles, osv &#8211; den aktuelle dansktop-musiker Jan Mosegaard Kjeldsen f\u00f8lger med K\u00e5 ud p\u00e5 scenerne med guitar, klaver og sang akkompagneret af Jans rytmeboks med trommer og bas, der lyder som et helt band &#8211; p\u00e5 den m\u00e5de kan vi nemt spille op til dans hvis dette \u00f8nskes &#8211; ellers hygger vi om g\u00e6sterne med anekdoter og gode grin blandet ind mellem de mindev\u00e6rdige toner af godt og gammelt.<\/p>\n\n\n\n<p class=\"has-black-color has-text-color has-medium-font-size\"><strong>Eller<\/strong><\/p>\n\n\n\n<p>Skal det v\u00e6re duoen der spiller stemningsfulde klassikere fra den danske sangskat, h\u00f8jskolesang eller v\u00e6re v\u00e6rter for f\u00e6llessang? Musikere M\/K f\u00f8lger med K\u00e5 ud i den musikalske verden af pop og klassikere, der er tilpasset dine \u00f8nsker for dit arrangement &#8211; det kan v\u00e6re b\u00e5de klaver og guitar, eller blot klaver og sang &#8211; det kan v\u00e6re et stemningsfuldt og stille baggrundst\u00e6ppe af musik eller det kan v\u00e6re en mere direkte l\u00f8ssluppent stemning.<\/p>\n\n\n\n<p class=\"has-medium-font-size\"><strong>Eller<\/strong><\/p>\n\n\n\n<p>Vil du have et musikalsk og historisk foredrag om dansk filmmusik &#8211; de gode gamle danske filmhits, anekdoter fra Bent Fabricius&#8217; glorv\u00e6rdige karriere som den st\u00f8rste spiller p\u00e5 den danske musikscene? Musiker og komponist Jesper Hansen er n\u00e6r ven og kollega til Bent og rejser landet rundt med Bents fantastiske historie og spiller samtidig nogle af de store klassikere p\u00e5 klaver eller flygel &#8211; mens K\u00e5 synger med jer eller solo p\u00e5 de mange sk\u00f8nne filmhits.<\/p>\n\n\n\n<p class=\"has-medium-font-size\"><strong>Eller<\/strong><\/p>\n\n\n\n<p>Det er ogs\u00e5 en mulighed at f\u00e5 K\u00e5 ud og synge helt solo til en enkelt sang? Ceremoni eller anden begivenhed hvor der enten skal underholdes eller laves en uformel hyggelig optr\u00e6den. <\/p>\n\n\n\n<p class=\"has-medium-font-size\"><strong>Eller<\/strong><\/p>\n\n\n\n<p>Hvis du vil have det helt store festfyrv\u00e6rkeri af et band, s\u00e5 skal du g\u00e5 tilbage til forsiden og bes\u00f8ge linket www.kissthefrog.nu &#8211; dette er uden tvivl det bedste l\u00f8sslupne festorkester, der er klar til at fylde dansegulvet op til ethvert arrangement, halbal, byfest, bryllup mm.<\/p>\n\n\n\n<p>Kun fantasien s\u00e6tter gr\u00e6nser &#8211; KMUSIK har musikerne og kompetencerne der skal til for at gennemf\u00f8re det festlige indslag af live musik som du dr\u00f8mmer om &#8211; UDEN AT DU SKAL V\u00c6RE BANGE FOR AT BLIVE SKUFFET &#8211; VI HAR UDELUKKENDE GLADE &#8211; MEGET GLADE &#8211; KUNDER BAG OS &#8211; Start med at forstyrre os &#8211; du forstyrrer ikke &#8211; lad mig give dig et rigtig godt tilbud p\u00e5 LIVE MUSIK!<\/p>\n\n\n\n<h6><\/h6>\n\n\n\n<figure class=\"wp-block-embed is-type-video is-provider-youtube wp-block-embed-youtube wp-embed-aspect-16-9 wp-has-aspect-ratio\"><div class=\"wp-block-embed__wrapper\">\n<iframe title=\"Frit Land (cover af K\u00e5 Jensen)\" width=\"525\" height=\"295\" src=\"https:\/\/www.youtube.com\/embed\/1Fv8qjYHTmk?feature=oembed\" frameborder=\"0\" allow=\"accelerometer; autoplay; clipboard-write; encrypted-media; gyroscope; picture-in-picture; web-share\" referrerpolicy=\"strict-origin-when-cross-origin\" allowfullscreen><\/iframe>\n<\/div><figcaption>Her synger jeg et cover af &#8220;Frit Land &#8211; Ulige Numre&#8221;.<\/figcaption><\/figure>\n\n\n\n<h2><\/h2>\n\n\n\n<figure class=\"wp-block-embed is-type-video is-provider-youtube wp-block-embed-youtube wp-embed-aspect-16-9 wp-has-aspect-ratio\"><div class=\"wp-block-embed__wrapper\">\n<iframe title=\"KIDS in America cover by Kiss the Frog\" width=\"525\" height=\"295\" src=\"https:\/\/www.youtube.com\/embed\/9WWF6F8vIH8?start=2&#038;feature=oembed\" frameborder=\"0\" allow=\"accelerometer; autoplay; clipboard-write; encrypted-media; gyroscope; picture-in-picture; web-share\" referrerpolicy=\"strict-origin-when-cross-origin\" allowfullscreen><\/iframe>\n<\/div><figcaption>Kiss the Frog cover af &#8220;Kids in America, Kim Wilde&#8221;. <\/figcaption><\/figure>\n\n\n\n<figure class=\"wp-block-embed is-type-video is-provider-youtube wp-block-embed-youtube wp-embed-aspect-16-9 wp-has-aspect-ratio\"><div class=\"wp-block-embed__wrapper\">\n<iframe title=\"I WISH - Kiss the Frog cover\" width=\"525\" height=\"295\" src=\"https:\/\/www.youtube.com\/embed\/pbjdjfz8dtE?feature=oembed\" frameborder=\"0\" allow=\"accelerometer; autoplay; clipboard-write; encrypted-media; gyroscope; picture-in-picture; web-share\" referrerpolicy=\"strict-origin-when-cross-origin\" allowfullscreen><\/iframe>\n<\/div><figcaption>Kiss the Frog cover af &#8220;I Wish, Stevie Wonder&#8221;. <\/figcaption><\/figure>\n\n\n\n<figure class=\"wp-block-embed is-type-video is-provider-youtube wp-block-embed-youtube wp-embed-aspect-16-9 wp-has-aspect-ratio\"><div class=\"wp-block-embed__wrapper\">\n<iframe title=\"MALENE cover - kiss the frog\" width=\"525\" height=\"295\" src=\"https:\/\/www.youtube.com\/embed\/J93PpcfIh_E?feature=oembed\" frameborder=\"0\" allow=\"accelerometer; autoplay; clipboard-write; encrypted-media; gyroscope; picture-in-picture; web-share\" referrerpolicy=\"strict-origin-when-cross-origin\" allowfullscreen><\/iframe>\n<\/div><figcaption>Kiss the Frog cover af &#8220;Marlene, Sys Bjerre&#8221;.<\/figcaption><\/figure>\n\n\n\n<h1 class=\"has-text-align-center\"><strong>Underviser<\/strong><\/h1>\n\n\n\n<p>Jeg har altid undervist i musik og arrangeret  mange forskellige former for musikalske ops\u00e6tninger og jeg har undervist store og sm\u00e5 i musik siden jeg var helt pur ung pianist. <\/p>\n\n\n\n<p>Jeg startede ud med at spille selvl\u00e6rt klaver i en alder af 12 \u00e5r. M\u00f8det med et k\u00e6mpe flygel p\u00e5 en skole fortryllede min verden og siden har musikken plantet sig centralt lige midt i mit hjerte.<\/p>\n\n\n\n<p><\/p>\n\n\n\n<figure class=\"wp-block-embed is-type-video is-provider-youtube wp-block-embed-youtube wp-embed-aspect-16-9 wp-has-aspect-ratio\"><div class=\"wp-block-embed__wrapper\">\n<iframe title=\"Roger Waters - Royal Arena - Copenhagen - 11.08.2018 - Another Brick In The Wall\" width=\"525\" height=\"295\" src=\"https:\/\/www.youtube.com\/embed\/59em9sWhSEg?feature=oembed\" frameborder=\"0\" allow=\"accelerometer; autoplay; clipboard-write; encrypted-media; gyroscope; picture-in-picture; web-share\" referrerpolicy=\"strict-origin-when-cross-origin\" allowfullscreen><\/iframe>\n<\/div><figcaption>Denne video viser et af de st\u00f8rste musikalske \u00f8jeblikke i mit liv. Jeg var ikke selv p\u00e5 scenen denne aften, men det var til geng\u00e6ld et mega sejt b\u00f8rnekor som jeg underviste p\u00e5 det tidspunkt. Roger Waters, Pink Floyd inviterede b\u00f8rn fra Vesterbro Ungdomsg\u00e5rd og N\u00f8rrebro Lilleskole p\u00e5 scenen under nummeret &#8220;Another Brick in the Wall&#8221; og b\u00f8rnene, der kun var mellem 8-12 \u00e5r performede og sang foran 12.000 mennesker i Royal Arena med selveste Roger Waters p\u00e5 scenen. Jeg var t\u00e6t ved at besvime af bare stolthed og inderlig k\u00e6rlighed til hele set-up&#8217;et. Tak til Roger &#8211; tak til de seje b\u00f8rn og alle der hjalp til ved denne enest\u00e5ende begivenhed &#8211; vil aldrig blive glemt.<\/figcaption><\/figure>\n\n\n\n<p><\/p>\n\n\n\n<p><\/p>\n\n\n\n<p><\/p>\n\n\n\n<h1>Kontakt<\/h1>\n\n\n\n<p>K\u00e5 Jensen<\/p>\n\n\n\n<p>tlf.: 22 84 40 71<\/p>\n\n\n\n<p>Mail: karisafariox@hotmail.com<\/p>\n\n\n\n<p><a href=\"https:\/\/www.facebook.com\/kmusik.dk\">https:\/\/www.facebook.com\/kmusik.dk<\/a><\/p>\n","protected":false},"excerpt":{"rendered":"<p>Velkommen! Her kan du se og h\u00f8re sm\u00e5 bidder af mig, min musik og mine musikalske venner &#8211; vi kan bookes til dit n\u00e6ste arrangement &#8211; tag blot den f\u00f8rste kontakt og lad os give dig et uforpligtende tilbud p\u00e5 live musik Kontakt: K\u00e5 Jensen &#8211; tlf.: 22844071 Se her p\u00e5 siden hvilke muligheder vi &hellip; <\/p>\n<p class=\"link-more\"><a href=\"https:\/\/kmusik.dk\/index.php\/167-2\/ks-musik\/\" class=\"more-link\">Continue reading<span class=\"screen-reader-text\"> &#8220;K&#8217;s musik&#8221;<\/span><\/a><\/p>\n","protected":false},"author":1,"featured_media":0,"parent":167,"menu_order":0,"comment_status":"closed","ping_status":"closed","template":"","meta":[],"_links":{"self":[{"href":"https:\/\/kmusik.dk\/index.php\/wp-json\/wp\/v2\/pages\/170"}],"collection":[{"href":"https:\/\/kmusik.dk\/index.php\/wp-json\/wp\/v2\/pages"}],"about":[{"href":"https:\/\/kmusik.dk\/index.php\/wp-json\/wp\/v2\/types\/page"}],"author":[{"embeddable":true,"href":"https:\/\/kmusik.dk\/index.php\/wp-json\/wp\/v2\/users\/1"}],"replies":[{"embeddable":true,"href":"https:\/\/kmusik.dk\/index.php\/wp-json\/wp\/v2\/comments?post=170"}],"version-history":[{"count":3,"href":"https:\/\/kmusik.dk\/index.php\/wp-json\/wp\/v2\/pages\/170\/revisions"}],"predecessor-version":[{"id":251,"href":"https:\/\/kmusik.dk\/index.php\/wp-json\/wp\/v2\/pages\/170\/revisions\/251"}],"up":[{"embeddable":true,"href":"https:\/\/kmusik.dk\/index.php\/wp-json\/wp\/v2\/pages\/167"}],"wp:attachment":[{"href":"https:\/\/kmusik.dk\/index.php\/wp-json\/wp\/v2\/media?parent=170"}],"curies":[{"name":"wp","href":"https:\/\/api.w.org\/{rel}","templated":true}]}}